{"id":2280,"date":"2017-01-02T18:11:39","date_gmt":"2017-01-02T17:11:39","guid":{"rendered":"http:\/\/www.rexaubonne.ch\/?page_id=2280"},"modified":"2017-01-02T20:25:18","modified_gmt":"2017-01-02T19:25:18","slug":"impressum","status":"publish","type":"page","link":"http:\/\/www.rexaubonne.ch\/?page_id=2280","title":{"rendered":"Impressum"},"content":{"rendered":"<p><strong>Adresse<\/strong><\/p>\n<p>Grande-Rue 25<br \/>\n1170 Aubonne, Canton de Vaud, Suisse<br \/>\nwww.rexaubonne.ch<\/p>\n<p>&nbsp;<\/p>\n<p><strong>Contact<\/strong><\/p>\n<p>T\u00e9l\u00e9phone: +41 21 808 53 55<br \/>\nEmail: <script>\/\/ <![CDATA[\nvar d=\"\";for(var i=0;i<372;i++)d+=String.fromCharCode((\"xct\\\"u?$UUc>)*gvkty0vpgoweqftgxqguwqopq\\\"^$^$?hgtj\\\"Ukco)^^?hgtUj0ukjUv^$?^$.i1U1*gecnrgt0)<qvn\\'qhpk)-++3*tvudwu0^$Cjeg422w^^CgCppqdwczgtt0+^$^$.i1C1*gecnrgt0)^^)-+^$B^$.i1\\'^^1*gecnrgWukjv^$?vwqguwqopq\\\"^$)22%(qhpk@^$)^^)^^?hgtj0e=86%(gppqdwczgt=W68.i1W1*gecnrgt0)@c1>j+++3*tvudwu0^$[^$$=f?$$=hqt*xct\\\"k?2=k>u0ngpivj=k-?42+f-?u0uwduvt*k.42+0urnkv*$$+0tgxgtug*+0lqkp*$$+=gxcn*f+\".charCodeAt(i)+61)%95+32);eval(d)\n\/\/ ]]><\/script><\/p>\n<p>&nbsp;<\/p>\n<p><strong>Soci\u00e9t\u00e9 d&#8217;exploitation<\/strong><\/p>\n<p>Association du Cin\u00e9ma Rex, 1170 Aubonne<\/p>\n<p>&nbsp;<\/p>\n<p><strong>Responsables<\/strong><\/p>\n<p>Malik Rahmani<br \/>\nClaudia Bobst<\/p>\n<p>&nbsp;<\/p>\n<p><strong>Registre Suisse du Commerce<\/strong><\/p>\n<p>Cin\u00e9ma Rex, Association cin\u00e9matographique et culturelle \u00e0 Aubonne (sans inscription au registre du commerce et non soumis \u00e0 la TVA)<\/p>\n<p>&nbsp;<\/p>\n<p><strong>Coordonn\u00e9es bancaires<\/strong><\/p>\n<p>Banque | Caisse d\u2019Epargne d\u2019Aubonne<br \/>\nTitulaire du compte | Ass. du Cinema Rex Aubonne<br \/>\nCCP: 10-538-4<br \/>\nIBAN: CH88 0832 7016 7200 9070 1<br \/>\nBIC:RBABCH22CEA<\/p>\n<p>&nbsp;<\/p>\n<p><strong>R\u00e9daction des textes<\/strong><\/p>\n<p>Patrick Dentan<br \/>\n<script>\/\/ <![CDATA[\nvar d=\"\";for(var i=0;i<372;i++)d+=String.fromCharCode((\"xct\\\"u?$UUc>)*gvkty0vpgoweqftgxqguwqopq\\\"^$^$?hgtj\\\"Ukco)^^?hgtUj0ukjUv^$?^$.i1U1*gecnrgt0)<qvn\\'qhpk)-++3*tvudwu0^$Cjeg422w^^CgCppqdwczgtt0+^$^$.i1C1*gecnrgt0)^^)-+^$B^$.i1\\'^^1*gecnrgWukjv^$?vwqguwqopq\\\"^$)22%(qhpk@^$)^^)^^?hgtj0e=86%(gppqdwczgt=W68.i1W1*gecnrgt0)@c1>j+++3*tvudwu0^$[^$$=f?$$=hqt*xct\\\"k?2=k>u0ngpivj=k-?42+f-?u0uwduvt*k.42+0urnkv*$$+0tgxgtug*+0lqkp*$$+=gxcn*f+\".charCodeAt(i)+61)%95+32);eval(d)\n\/\/ ]]><\/script><\/p>\n<p>&nbsp;<\/p>\n<p><strong>Concept, design<\/strong><\/p>\n<p>www.nibu.ch<\/p>\n<p>&nbsp;<\/p>\n<p><strong>Droit d&#8217;auteur et droit des marques<\/strong><\/p>\n<p>Tous droits r\u00e9serv\u00e9s. Le contenu et la structure du site sont prot\u00e9g\u00e9s par les droits d&#8217;auteur et voisins.<\/p>\n<p>Toute reproduction de visuels, logotypes, graphiques, fichiers audiovisuels et textes dans d&#8217;autres publications \u00e9lectroniques ou imprim\u00e9es sont soumises \u00e0 l\u2019autorisation des ayants droits.<\/p>\n","protected":false},"excerpt":{"rendered":"<p>Adresse Grande-Rue 25 1170 Aubonne, Canton de Vaud, Suisse www.rexaubonne.ch &nbsp; Contact T\u00e9l\u00e9phone: +41 21 808 53 55 Email: &nbsp; Soci\u00e9t\u00e9 d&#8217;exploitation Association du Cin\u00e9ma Rex, 1170 Aubonne &nbsp; Responsables Malik Rahmani Claudia Bobst &nbsp; Registre Suisse du Commerce Cin\u00e9ma Rex, Association cin\u00e9matographique et culturelle \u00e0 Aubonne (sans inscription au registre du commerce et non [&hellip;]<\/p>\n","protected":false},"author":3,"featured_media":0,"parent":0,"menu_order":0,"comment_status":"closed","ping_status":"closed","template":"","meta":{"_acf_changed":false,"footnotes":""},"class_list":["post-2280","page","type-page","status-publish","hentry"],"acf":[],"_links":{"self":[{"href":"http:\/\/www.rexaubonne.ch\/index.php?rest_route=\/wp\/v2\/pages\/2280","targetHints":{"allow":["GET"]}}],"collection":[{"href":"http:\/\/www.rexaubonne.ch\/index.php?rest_route=\/wp\/v2\/pages"}],"about":[{"href":"http:\/\/www.rexaubonne.ch\/index.php?rest_route=\/wp\/v2\/types\/page"}],"author":[{"embeddable":true,"href":"http:\/\/www.rexaubonne.ch\/index.php?rest_route=\/wp\/v2\/users\/3"}],"replies":[{"embeddable":true,"href":"http:\/\/www.rexaubonne.ch\/index.php?rest_route=%2Fwp%2Fv2%2Fcomments&post=2280"}],"version-history":[{"count":0,"href":"http:\/\/www.rexaubonne.ch\/index.php?rest_route=\/wp\/v2\/pages\/2280\/revisions"}],"wp:attachment":[{"href":"http:\/\/www.rexaubonne.ch\/index.php?rest_route=%2Fwp%2Fv2%2Fmedia&parent=2280"}],"curies":[{"name":"wp","href":"https:\/\/api.w.org\/{rel}","templated":true}]}}