{"id":8619,"date":"2022-04-25T20:38:45","date_gmt":"2022-04-25T19:38:45","guid":{"rendered":"https:\/\/www.rexaubonne.ch\/?page_id=8619"},"modified":"2022-04-25T21:41:34","modified_gmt":"2022-04-25T20:41:34","slug":"devenir-membres","status":"publish","type":"page","link":"http:\/\/www.rexaubonne.ch\/?page_id=8619","title":{"rendered":"Devenir membres"},"content":{"rendered":"<p>Venez au Rex ! Faites partie de l\u2019association.<\/p>\n<p>En devenant membres par une cotisation annuelle, vous soutenez votre cin\u00e9ma et b\u00e9n\u00e9ficiez d\u2019un tarif pr\u00e9f\u00e9rentiel de CHF 12.- pour toutes les s\u00e9ances (sauf 3D).<\/p>\n\n<div class=\"wpcf7 no-js\" id=\"wpcf7-f8620-o1\" lang=\"fr-FR\" dir=\"ltr\" data-wpcf7-id=\"8620\">\n<div class=\"screen-reader-response\"><p role=\"status\" aria-live=\"polite\" aria-atomic=\"true\"><\/p> <ul><\/ul><\/div>\n<form action=\"\/index.php?rest_route=%2Fwp%2Fv2%2Fpages%2F8619#wpcf7-f8620-o1\" method=\"post\" class=\"wpcf7-form init\" aria-label=\"Formulaire de contact\" novalidate=\"novalidate\" data-status=\"init\">\n<fieldset class=\"hidden-fields-container\"><input type=\"hidden\" name=\"_wpcf7\" value=\"8620\" \/><input type=\"hidden\" name=\"_wpcf7_version\" value=\"6.1.1\" \/><input type=\"hidden\" name=\"_wpcf7_locale\" value=\"fr_FR\" \/><input type=\"hidden\" name=\"_wpcf7_unit_tag\" value=\"wpcf7-f8620-o1\" \/><input type=\"hidden\" name=\"_wpcf7_container_post\" value=\"0\" \/><input type=\"hidden\" name=\"_wpcf7_posted_data_hash\" value=\"\" \/>\n<\/fieldset>\n<p>Je d\u00e9sire adh\u00e9rer \u00e0 l\u2019association du Cin\u00e9ma Rex d\u2019Aubonne comme :<br \/>\n<span class=\"wpcf7-form-control-wrap\" data-name=\"Typedemembre\"><span class=\"wpcf7-form-control wpcf7-radio\"><span class=\"wpcf7-list-item first\"><label><input type=\"radio\" name=\"Typedemembre\" value=\"Membre individuel (50.-\/an)\" checked=\"checked\" \/><span class=\"wpcf7-list-item-label\">Membre individuel (50.-\/an)<\/span><\/label><\/span><span class=\"wpcf7-list-item\"><label><input type=\"radio\" name=\"Typedemembre\" value=\"Couple (90.-\/an)\" \/><span class=\"wpcf7-list-item-label\">Couple (90.-\/an)<\/span><\/label><\/span><span class=\"wpcf7-list-item\"><label><input type=\"radio\" name=\"Typedemembre\" value=\"AVS, AI (40.-\/an)\" \/><span class=\"wpcf7-list-item-label\">AVS, AI (40.-\/an)<\/span><\/label><\/span><span class=\"wpcf7-list-item last\"><label><input type=\"radio\" name=\"Typedemembre\" value=\"Etudiant.e, apprenti.e (30.-\/an)\" \/><span class=\"wpcf7-list-item-label\">Etudiant.e, apprenti.e (30.-\/an)<\/span><\/label><\/span><\/span><\/span>\n<\/p>\n<p><label> Nom : <span class=\"wpcf7-form-control-wrap\" data-name=\"your-name\"><input size=\"40\" maxlength=\"400\" class=\"wpcf7-form-control wpcf7-text wpcf7-validates-as-required\" aria-required=\"true\" aria-invalid=\"false\" value=\"\" type=\"text\" name=\"your-name\" \/><\/span> <\/label>\n<\/p>\n<p><label> Pr\u00e9nom : <span class=\"wpcf7-form-control-wrap\" data-name=\"your-firstname\"><input size=\"40\" maxlength=\"400\" class=\"wpcf7-form-control wpcf7-text wpcf7-validates-as-required\" aria-required=\"true\" aria-invalid=\"false\" value=\"\" type=\"text\" name=\"your-firstname\" \/><\/span> <\/label>\n<\/p>\n<p><label> Adresse : <span class=\"wpcf7-form-control-wrap\" data-name=\"your-adresse\"><input size=\"40\" maxlength=\"400\" class=\"wpcf7-form-control wpcf7-text wpcf7-validates-as-required\" aria-required=\"true\" aria-invalid=\"false\" value=\"\" type=\"text\" name=\"your-adresse\" \/><\/span> <\/label>\n<\/p>\n<p><label> NPA\/Localit\u00e9 : <span class=\"wpcf7-form-control-wrap\" data-name=\"your-npa\"><input size=\"40\" maxlength=\"400\" class=\"wpcf7-form-control wpcf7-text wpcf7-validates-as-required\" aria-required=\"true\" aria-invalid=\"false\" value=\"\" type=\"text\" name=\"your-npa\" \/><\/span> <\/label>\n<\/p>\n<p><label> E-mail : <span class=\"wpcf7-form-control-wrap\" data-name=\"your-email\"><input size=\"40\" maxlength=\"400\" class=\"wpcf7-form-control wpcf7-email wpcf7-validates-as-required wpcf7-text wpcf7-validates-as-email\" aria-required=\"true\" aria-invalid=\"false\" value=\"\" type=\"email\" name=\"your-email\" \/><\/span> <\/label>\n<\/p>\n<p><label> Date : <span class=\"wpcf7-form-control-wrap\" data-name=\"date-136\"><input class=\"wpcf7-form-control wpcf7-date wpcf7-validates-as-date\" aria-invalid=\"false\" value=\"\" type=\"date\" name=\"date-136\" \/><\/span> <\/label>\n<\/p>\n<p><label> Votre message (facultatif)<br \/>\n<span class=\"wpcf7-form-control-wrap\" data-name=\"your-message\"><textarea cols=\"40\" rows=\"10\" maxlength=\"2000\" class=\"wpcf7-form-control wpcf7-textarea\" aria-invalid=\"false\" name=\"your-message\"><\/textarea><\/span> <\/label>\n<\/p>\n<p>Vous recevrez un bulletin de versement et, d\u00e8s votre cotisation pay\u00e9e, vous pourrez retirer votre carte de membre \u00e0 la caisse du Rex.\n<\/p>\n<p><input class=\"wpcf7-form-control wpcf7-submit has-spinner\" type=\"submit\" value=\"Envoyer\" \/>\n<\/p><div class=\"wpcf7-response-output\" aria-hidden=\"true\"><\/div>\n<\/form>\n<\/div>\n\n<p>Merci de votre soutien.<\/p>\n","protected":false},"excerpt":{"rendered":"<p>Venez au Rex ! Faites partie de l\u2019association. En devenant membres par une cotisation annuelle, vous soutenez votre cin\u00e9ma et b\u00e9n\u00e9ficiez d\u2019un tarif pr\u00e9f\u00e9rentiel de CHF 12.- pour toutes les s\u00e9ances (sauf 3D). Merci de votre soutien.<\/p>\n","protected":false},"author":3,"featured_media":0,"parent":0,"menu_order":0,"comment_status":"closed","ping_status":"closed","template":"","meta":{"_acf_changed":false,"footnotes":""},"class_list":["post-8619","page","type-page","status-publish","hentry"],"acf":[],"_links":{"self":[{"href":"http:\/\/www.rexaubonne.ch\/index.php?rest_route=\/wp\/v2\/pages\/8619","targetHints":{"allow":["GET"]}}],"collection":[{"href":"http:\/\/www.rexaubonne.ch\/index.php?rest_route=\/wp\/v2\/pages"}],"about":[{"href":"http:\/\/www.rexaubonne.ch\/index.php?rest_route=\/wp\/v2\/types\/page"}],"author":[{"embeddable":true,"href":"http:\/\/www.rexaubonne.ch\/index.php?rest_route=\/wp\/v2\/users\/3"}],"replies":[{"embeddable":true,"href":"http:\/\/www.rexaubonne.ch\/index.php?rest_route=%2Fwp%2Fv2%2Fcomments&post=8619"}],"version-history":[{"count":1,"href":"http:\/\/www.rexaubonne.ch\/index.php?rest_route=\/wp\/v2\/pages\/8619\/revisions"}],"predecessor-version":[{"id":8621,"href":"http:\/\/www.rexaubonne.ch\/index.php?rest_route=\/wp\/v2\/pages\/8619\/revisions\/8621"}],"wp:attachment":[{"href":"http:\/\/www.rexaubonne.ch\/index.php?rest_route=%2Fwp%2Fv2%2Fmedia&parent=8619"}],"curies":[{"name":"wp","href":"https:\/\/api.w.org\/{rel}","templated":true}]}}