{"id":13,"date":"2012-07-13T10:23:38","date_gmt":"2012-07-13T09:23:38","guid":{"rendered":"http:\/\/www.rexaubonne.ch\/new\/?page_id=13"},"modified":"2025-09-16T21:46:58","modified_gmt":"2025-09-16T20:46:58","slug":"association","status":"publish","type":"page","link":"https:\/\/www.rexaubonne.ch\/?page_id=13","title":{"rendered":"Association cin\u00e9matographique et culturelle du Rex"},"content":{"rendered":"<p>L\u2019association a \u00e9t\u00e9 cr\u00e9\u00e9e afin qu\u2019<strong>elle g\u00e8re le Rex<\/strong>. C\u2019\u00e9tait une condition fix\u00e9e par la Municipalit\u00e9, avant l\u2019achat du b\u00e2timent. Fin 2003, la Municipalit\u00e9 a approch\u00e9 quelques personnes pour prendre en main cette gestion.<\/p>\n<p>Un comit\u00e9 s\u2019est alors constitu\u00e9 qui a eu pour premi\u00e8res t\u00e2ches de se familiariser avec le fonctionnement d\u2019un cin\u00e9ma, de cr\u00e9er des statuts et de d\u00e9finir <strong>les objectifs<\/strong>. Ils sont au nombre de quatre\u00a0:<\/p>\n<ul>\n<li>projeter des films destin\u00e9s au grand public<\/li>\n<li>promouvoir des activit\u00e9s d\u2019un cin\u00e9-club<\/li>\n<li>mettre en valeur l\u2019art cin\u00e9matographique<\/li>\n<li>optimaliser l\u2019usage de la salle et de ses installations pour toute autre activit\u00e9 culturelle d\u2019int\u00e9r\u00eat public ou priv\u00e9.<\/li>\n<\/ul>\n<p>&nbsp;<\/p>\n<p>L\u2019association compte actuellement environ <strong>560 membres<\/strong> cotisants venant d\u2019Aubonne et de toute la r\u00e9gion. Il nous appara\u00eet important que le plus grand nombre possible de nos spectateurs se sentent concern\u00e9s par l\u2019existence de notre salle et par le maintien de la <strong>diversit\u00e9 de son offre<\/strong>. Nos programmes suivent au plus pr\u00e8s l\u2019actualit\u00e9 cin\u00e9matographique. Fr\u00e9quemment, sont projet\u00e9s les m\u00eames films que ceux des salles des grandes cit\u00e9s l\u00e9maniques et des avant-premi\u00e8res sont parfois propos\u00e9es.<\/p>\n<p>Par ailleurs, les lundis et mardis, des documentaires et des films d\u2019auteurs sont projet\u00e9s dans le cadre de deux cycles annuels &#8220;<strong>Les Toiles du Mardi<\/strong>&#8221; et &#8220;<strong>Les Docs du Lundi<\/strong>&#8220;. Ils attirent de nombreux et fid\u00e8les cin\u00e9philes. Souvent un r\u00e9alisateur ou un acteur\u00a0 participent \u00e0 la s\u00e9ance.<\/p>\n<p>Quant aux enfants, cin\u00e9philes de demain, ils ne sont pas oubli\u00e9s. La <strong>Lanterne Magique<\/strong> accueille environ 250 enfants de la r\u00e9gion un mercredi par mois, \u00e0 raison de deux projections chaque fois. De plus, r\u00e9guli\u00e8rement des films pour les plus jeunes sont propos\u00e9s en matin\u00e9e.<\/p>\n<p>Des projections pour les \u00e9l\u00e8ves des \u00e9coles de la r\u00e9gion sont \u00e9galement organis\u00e9es r\u00e9guli\u00e8rement \u00e0 la demande de leurs ma\u00eetres.<\/p>\n<p>Depuis 2005, en collaboration avec <strong>Pro Senectute<\/strong>, il a \u00e9t\u00e9 cr\u00e9\u00e9 un &#8220;<strong>Cin\u00e9-Seniors<\/strong>&#8221; qui projette six films annuellement, le mardi apr\u00e8s-midi. Ces projections sont suivies d\u2019une collation. L\u00e0 aussi un public fid\u00e8le prend part \u00e0 ces s\u00e9ances qui sont ouvertes \u00e0 toutes et \u00e0 tous.<\/p>\n<p>Parfois quelques personnes demandent l\u2019organisation de soir\u00e9es ou de matin\u00e9es priv\u00e9es.<\/p>\n<p>Le Rex, une salle o\u00f9 art cin\u00e9matographique et convivialit\u00e9 sont au programme.<\/p>\n<p>Pour que cela continue et se d\u00e9veloppe, venez au Rex, incitez vos proches \u00e0 faire de m\u00eame et\u2026devenez\u00a0 membre de notre association\u00a0! Pour ce faire, le personnel du cin\u00e9ma se tient \u00e0 votre disposition et se fera un plaisir de vous renseigner et de vous remettre le bulletin d&#8217;inscription lors de votre prochaine visite au Rex. Vous pouvez aussi nous faire un email \u00e0 l&#8217;adresse suivante<strong> <a href=\"mailto:info@rexaubonne.ch\">info@rexaubonne.ch<\/a><\/strong><\/p>\n<p>&nbsp;<\/p>\n<p><em><strong>Patricia Balmer<\/strong><\/em><\/p>\n<p><em>Pr\u00e9sidente de l\u2019association<\/em><\/p>\n<p>&nbsp;<\/p>\n<p><strong>Annexes:<\/strong><\/p>\n<ul>\n<li><a href=\"http:\/\/www.rexaubonne.ch\/Fichiers\/status.pdf\" target=\"_blank\" rel=\"noopener noreferrer\">Statuts de l&#8217;association<\/a><\/li>\n<li><a href=\"http:\/\/www.rexaubonne.ch\/wp-content\/uploads\/25-P-V-01P-AG-16-06-2025-1.pdf\">Proc\u00e8s Verbal de la derni\u00e8re assembl\u00e9e g\u00e9n\u00e9rale<\/a><\/li>\n<\/ul>\n<p><span style=\"color: #ffffff;\">.<\/span><\/p>\n<p>P.S. \u2013 Si vous avez des interrogations, des suggestions ou des critiques nous sommes pr\u00eats \u00e0 vous lire ou vous entendre.<\/p>\n<p>&nbsp;<\/p>\n","protected":false},"excerpt":{"rendered":"<p>L\u2019association a \u00e9t\u00e9 cr\u00e9\u00e9e afin qu\u2019elle g\u00e8re le Rex. C\u2019\u00e9tait une condition fix\u00e9e par la Municipalit\u00e9, avant l\u2019achat du b\u00e2timent. Fin 2003, la Municipalit\u00e9 a approch\u00e9 quelques personnes pour prendre en main cette gestion. Un comit\u00e9 s\u2019est alors constitu\u00e9 qui a eu pour premi\u00e8res t\u00e2ches de se familiariser avec le fonctionnement d\u2019un cin\u00e9ma, de cr\u00e9er [&hellip;]<\/p>\n","protected":false},"author":1,"featured_media":0,"parent":0,"menu_order":0,"comment_status":"open","ping_status":"open","template":"","meta":{"_acf_changed":false,"footnotes":""},"class_list":["post-13","page","type-page","status-publish","hentry"],"acf":[],"_links":{"self":[{"href":"https:\/\/www.rexaubonne.ch\/index.php?rest_route=\/wp\/v2\/pages\/13","targetHints":{"allow":["GET"]}}],"collection":[{"href":"https:\/\/www.rexaubonne.ch\/index.php?rest_route=\/wp\/v2\/pages"}],"about":[{"href":"https:\/\/www.rexaubonne.ch\/index.php?rest_route=\/wp\/v2\/types\/page"}],"author":[{"embeddable":true,"href":"https:\/\/www.rexaubonne.ch\/index.php?rest_route=\/wp\/v2\/users\/1"}],"replies":[{"embeddable":true,"href":"https:\/\/www.rexaubonne.ch\/index.php?rest_route=%2Fwp%2Fv2%2Fcomments&post=13"}],"version-history":[{"count":7,"href":"https:\/\/www.rexaubonne.ch\/index.php?rest_route=\/wp\/v2\/pages\/13\/revisions"}],"predecessor-version":[{"id":13208,"href":"https:\/\/www.rexaubonne.ch\/index.php?rest_route=\/wp\/v2\/pages\/13\/revisions\/13208"}],"wp:attachment":[{"href":"https:\/\/www.rexaubonne.ch\/index.php?rest_route=%2Fwp%2Fv2%2Fmedia&parent=13"}],"curies":[{"name":"wp","href":"https:\/\/api.w.org\/{rel}","templated":true}]}}