{"id":4528,"date":"2018-07-26T10:56:08","date_gmt":"2018-07-26T09:56:08","guid":{"rendered":"http:\/\/www.rexaubonne.ch\/?page_id=4528"},"modified":"2021-05-01T10:13:16","modified_gmt":"2021-05-01T09:13:16","slug":"passe-ton-film","status":"publish","type":"page","link":"https:\/\/www.rexaubonne.ch\/?page_id=4528","title":{"rendered":"Passe ton film !"},"content":{"rendered":"<p><strong><img loading=\"lazy\" decoding=\"async\" class=\"wp-image-4597 aligncenter logoptf\" src=\"http:\/\/www.rexaubonne.ch\/wp-content\/uploads\/LOGOFINALPTFLong.jpg\" alt=\"\" width=\"705\" height=\"172\" srcset=\"https:\/\/www.rexaubonne.ch\/wp-content\/uploads\/LOGOFINALPTFLong.jpg 1586w, https:\/\/www.rexaubonne.ch\/wp-content\/uploads\/LOGOFINALPTFLong-300x73.jpg 300w, https:\/\/www.rexaubonne.ch\/wp-content\/uploads\/LOGOFINALPTFLong-768x187.jpg 768w, https:\/\/www.rexaubonne.ch\/wp-content\/uploads\/LOGOFINALPTFLong-1024x250.jpg 1024w\" sizes=\"auto, (max-width: 705px) 100vw, 705px\" \/><\/strong><\/p>\n<p><strong>D\u00e8s maintenant programmez et organisez une projection au Cin\u00e9ma Rex \u00e0 Aubonne\u00a0!<\/strong><\/p>\n<p>Un film que vous adorez et que vous avez envie de faire d\u00e9couvrir \u00e0 votre entourage et aux spectateurs du Rex\u00a0? Une th\u00e9matique qui vous touche et pour laquelle vous aimeriez proposer une projection\u00a0? Un nouveau film qu\u2019il vous tarde de voir mais qui ne passe pas en programmation r\u00e9guli\u00e8re ?&#8230; D\u00e8s maintenant, un mardi soir par mois, le Cin\u00e9ma Rex est \u00e0 votre disposition pour r\u00e9pondre encore d\u2019avantage \u00e0 vos envies de cin\u00e9ma avec les projections \u00ab\u00a0Passe ton film\u00a0!\u00a0\u00bb, des s\u00e9ances publiques mais programm\u00e9es et anim\u00e9es par vous.<\/p>\n<p><strong>Comment \u00e7a se passe\u00a0?<\/strong><\/p>\n<p>Vous lisez bien <a href=\"http:\/\/www.rexaubonne.ch\/wp-content\/uploads\/Charte-Passe-ton-film.pdf\" target=\"_blank\" rel=\"noopener noreferrer\">la charte<\/a>\u00a0avant (on vous rassure, elle est courte\u00a0!). Elle donne des informations importantes quant aux projections \u00ab\u00a0Passe ton film\u00a0!\u00a0\u00bb.<\/p>\n<p>Vous remplissez le formulaire ci-dessous et vous nous proposez un film ainsi qu\u2019une (ou plusieurs) dates \u00e0 laquelle vous pouvez \u00eatre pr\u00e9sents et souhaitez organiser la projection, actuellement le cin\u00e9ma Rex accueille les projections &#8220;Passe ton film !&#8221; les mardi soirs. Le film peut-\u00eatre un grand classique, une nouveaut\u00e9, un documentaire, une fiction, de tous les genres, de tout pays, mais\u2026. il doit bien entendu s\u2019agir d\u2019un film professionnel de cin\u00e9ma.<\/p>\n<p>De notre c\u00f4t\u00e9, nous faisons une s\u00e9lection parmi les propositions re\u00e7ues et contacterons l\u2019heureux cin\u00e9phile dont le film a \u00e9t\u00e9 retenu.<\/p>\n<p>Ensuite, nous nous occupons de tout\u00a0: la location du film, la copie pour la projection, le personnel du cin\u00e9ma le soir de la s\u00e9ance.<\/p>\n<p><strong>Mais alors moi, je fais quoi\u00a0?<\/strong><\/p>\n<p>Eh bien oui, le Cin\u00e9ma Rex compte aussi sur vous\u00a0! Comme le film que vous nous proposez m\u00e9rite certainement d\u2019\u00eatre vu par des milliers de spectateurs (et que ce genre de soir\u00e9e c\u2019est plus sympa si on est nombreux), nous attendons de vous que vous fassiez le maximum de bruit autour de cette projection en utilisant tous les moyens \u00e0 votre disposition\u00a0et que vous pourrez imaginer : r\u00e9seaux sociaux, mails, t\u00e9l\u00e9phones, sms, pr\u00e9sentation passionn\u00e9e aux autres clients en achetant vos croissants \u00e0 la boulangerie, signaux de fum\u00e9e,\u2026<\/p>\n<p>Nous vous demandons aussi d\u2019\u00eatre pr\u00e9sent le soir de la projection et de nous gratifier d\u2019une petite pr\u00e9sentation afin d\u2019expliquer pourquoi vous avez voulu si fort projeter ce film-l\u00e0. Si vous \u00eates tr\u00e8s, mais vraiment tr\u00e8s timide, un membre de l\u2019\u00e9quipe \u00ab\u00a0Passe ton film\u00a0!\u00a0\u00bb vous aidera volontiers dans cette t\u00e2che.<\/p>\n<p>Et voil\u00e0\u00a0! Il ne vous reste plus qu\u2019\u00e0 choisir votre film, votre date de projection et \u00e0 remplir le formulaire.<\/p>\n<p>Vous ne souhaitez pas soumettre de film mais vous \u00eates un cin\u00e9phile curieux\u00a0? Vous \u00eates bienvenus aux s\u00e9ances \u00ab\u00a0Passe ton film\u00a0!\u00a0\u00bb qui sont, on le rappelle, publiques et donc ouvertes \u00e0 tous\u00a0!<\/p>\n<p>De notre c\u00f4t\u00e9, nous attendons votre visite et vos propositions avec une impatience cin\u00e9phile d\u00e9mesur\u00e9e.<\/p>\n<h2>Inscription<\/h2>\n\n<div class=\"wpcf7 no-js\" id=\"wpcf7-f4533-o1\" lang=\"fr-FR\" dir=\"ltr\" data-wpcf7-id=\"4533\">\n<div class=\"screen-reader-response\"><p role=\"status\" aria-live=\"polite\" aria-atomic=\"true\"><\/p> <ul><\/ul><\/div>\n<form action=\"\/index.php?rest_route=%2Fwp%2Fv2%2Fpages%2F4528#wpcf7-f4533-o1\" method=\"post\" class=\"wpcf7-form init\" aria-label=\"Formulaire de contact\" novalidate=\"novalidate\" data-status=\"init\">\n<fieldset class=\"hidden-fields-container\"><input type=\"hidden\" name=\"_wpcf7\" value=\"4533\" \/><input type=\"hidden\" name=\"_wpcf7_version\" value=\"6.1.1\" \/><input type=\"hidden\" name=\"_wpcf7_locale\" value=\"fr_FR\" \/><input type=\"hidden\" name=\"_wpcf7_unit_tag\" value=\"wpcf7-f4533-o1\" \/><input type=\"hidden\" name=\"_wpcf7_container_post\" value=\"0\" \/><input type=\"hidden\" name=\"_wpcf7_posted_data_hash\" value=\"\" \/>\n<\/fieldset>\n<p><label> Nom et pr\u00e9nom (obligatoire)<br \/>\n<span class=\"wpcf7-form-control-wrap\" data-name=\"your-name\"><input size=\"40\" maxlength=\"400\" class=\"wpcf7-form-control wpcf7-text wpcf7-validates-as-required\" aria-required=\"true\" aria-invalid=\"false\" value=\"\" type=\"text\" name=\"your-name\" \/><\/span> <\/label>\n<\/p>\n<p><label> Adresse (obligatoire)<br \/>\n<span class=\"wpcf7-form-control-wrap\" data-name=\"your-address\"><input size=\"40\" maxlength=\"400\" class=\"wpcf7-form-control wpcf7-text wpcf7-validates-as-required\" aria-required=\"true\" aria-invalid=\"false\" value=\"\" type=\"text\" name=\"your-address\" \/><\/span> <\/label>\n<\/p>\n<p><label> No postal et ville (obligatoire)<br \/>\n<span class=\"wpcf7-form-control-wrap\" data-name=\"your-NPATown\"><input size=\"40\" maxlength=\"400\" class=\"wpcf7-form-control wpcf7-text wpcf7-validates-as-required\" aria-required=\"true\" aria-invalid=\"false\" value=\"\" type=\"text\" name=\"your-NPATown\" \/><\/span> <\/label>\n<\/p>\n<p><label> N\u00b0 de t\u00e9l\u00e9phone portable (obligatoire)<br \/>\n<span class=\"wpcf7-form-control-wrap\" data-name=\"tel-mob\"><input size=\"40\" maxlength=\"400\" class=\"wpcf7-form-control wpcf7-tel wpcf7-validates-as-required wpcf7-text wpcf7-validates-as-tel\" aria-required=\"true\" aria-invalid=\"false\" value=\"\" type=\"tel\" name=\"tel-mob\" \/><\/span> <\/label>\n<\/p>\n<p><label> N\u00b0 de t\u00e9l\u00e9phone priv\u00e9<br \/>\n<span class=\"wpcf7-form-control-wrap\" data-name=\"tel-priv\"><input size=\"40\" maxlength=\"400\" class=\"wpcf7-form-control wpcf7-tel wpcf7-text wpcf7-validates-as-tel\" aria-invalid=\"false\" value=\"\" type=\"tel\" name=\"tel-priv\" \/><\/span> <\/label>\n<\/p>\n<p><label> Adresse email (obligatoire)<br \/>\n<span class=\"wpcf7-form-control-wrap\" data-name=\"your-email\"><input size=\"40\" maxlength=\"400\" class=\"wpcf7-form-control wpcf7-email wpcf7-validates-as-required wpcf7-text wpcf7-validates-as-email\" aria-required=\"true\" aria-invalid=\"false\" value=\"\" type=\"email\" name=\"your-email\" \/><\/span> <\/label>\n<\/p>\n<p><label> Titre du film et date(s) choisis<br \/>\n<span class=\"wpcf7-form-control-wrap\" data-name=\"textarea-film\"><textarea cols=\"40\" rows=\"10\" maxlength=\"2000\" class=\"wpcf7-form-control wpcf7-textarea\" aria-invalid=\"false\" name=\"textarea-film\">Titre \u2013 r\u00e9alisateur \u2013 ann\u00e9e - date de projection souhait\u00e9e (mardi soirs)<\/textarea><\/span> <\/label>\n<\/p>\n<p>Version souhait\u00e9e<br \/>\n<span class=\"wpcf7-form-control-wrap\" data-name=\"radio-vers\"><span class=\"wpcf7-form-control wpcf7-radio\"><span class=\"wpcf7-list-item first\"><input type=\"radio\" name=\"radio-vers\" value=\"VOst\" checked=\"checked\" \/><span class=\"wpcf7-list-item-label\">VOst<\/span><\/span><span class=\"wpcf7-list-item last\"><input type=\"radio\" name=\"radio-vers\" value=\"VF\" \/><span class=\"wpcf7-list-item-label\">VF<\/span><\/span><\/span><\/span>\n<\/p>\n<p>Pr\u00e9voyez-vous une discussion avec le public \u00e0 l\u2019issue de la projection ?<br \/>\n<span class=\"wpcf7-form-control-wrap\" data-name=\"radio-disc\"><span class=\"wpcf7-form-control wpcf7-radio\"><span class=\"wpcf7-list-item first\"><input type=\"radio\" name=\"radio-disc\" value=\"Oui\" checked=\"checked\" \/><span class=\"wpcf7-list-item-label\">Oui<\/span><\/span><span class=\"wpcf7-list-item last\"><input type=\"radio\" name=\"radio-disc\" value=\"Non\" \/><span class=\"wpcf7-list-item-label\">Non<\/span><\/span><\/span><\/span>\n<\/p>\n<p>Pr\u00e9voyez-vous un invit\u00e9 pour une discussion avec le public ?<br \/>\n<span class=\"wpcf7-form-control-wrap\" data-name=\"radio-invit\"><span class=\"wpcf7-form-control wpcf7-radio\"><span class=\"wpcf7-list-item first\"><input type=\"radio\" name=\"radio-invit\" value=\"Oui\" checked=\"checked\" \/><span class=\"wpcf7-list-item-label\">Oui<\/span><\/span><span class=\"wpcf7-list-item last\"><input type=\"radio\" name=\"radio-invit\" value=\"Non\" \/><span class=\"wpcf7-list-item-label\">Non<\/span><\/span><\/span><\/span>\n<\/p>\n<p>Pr\u00e9voyez-vous d\u2019organiser une verr\u00e9e ou une autre animation ?<br \/>\n<span class=\"wpcf7-form-control-wrap\" data-name=\"radio-fest\"><span class=\"wpcf7-form-control wpcf7-radio\"><span class=\"wpcf7-list-item first\"><input type=\"radio\" name=\"radio-fest\" value=\"Oui\" checked=\"checked\" \/><span class=\"wpcf7-list-item-label\">Oui<\/span><\/span><span class=\"wpcf7-list-item last\"><input type=\"radio\" name=\"radio-fest\" value=\"Non\" \/><span class=\"wpcf7-list-item-label\">Non<\/span><\/span><\/span><\/span>\n<\/p>\n<p>J\u2019ai lu et j\u2019accepte <a href=\"http:\/\/www.rexaubonne.ch\/wp-content\/uploads\/Charte-Passe-ton-film.pdf\" target=\"_blank\" rel=\"noopener\">la charte<\/a> de \u00ab Passe ton film ! \u00bb<br \/>\n<span class=\"wpcf7-form-control-wrap\" data-name=\"acceptance-813\"><span class=\"wpcf7-form-control wpcf7-acceptance\"><span class=\"wpcf7-list-item\"><input type=\"checkbox\" name=\"acceptance-813\" value=\"1\" aria-invalid=\"false\" \/><\/span><\/span><\/span>\n<\/p>\n<p><input class=\"wpcf7-form-control wpcf7-submit has-spinner\" type=\"submit\" value=\"Envoyer\" \/>\n<\/p><div class=\"wpcf7-response-output\" aria-hidden=\"true\"><\/div>\n<\/form>\n<\/div>\n\n<p>&nbsp;<\/p>\n<p>&nbsp;<\/p>\n","protected":false},"excerpt":{"rendered":"<p>D\u00e8s maintenant programmez et organisez une projection au Cin\u00e9ma Rex \u00e0 Aubonne\u00a0! Un film que vous adorez et que vous avez envie de faire d\u00e9couvrir \u00e0 votre entourage et aux spectateurs du Rex\u00a0? Une th\u00e9matique qui vous touche et pour laquelle vous aimeriez proposer une projection\u00a0? Un nouveau film qu\u2019il vous tarde de voir mais [&hellip;]<\/p>\n","protected":false},"author":3,"featured_media":0,"parent":0,"menu_order":0,"comment_status":"closed","ping_status":"closed","template":"","meta":{"_acf_changed":false,"footnotes":""},"class_list":["post-4528","page","type-page","status-publish","hentry"],"acf":[],"_links":{"self":[{"href":"https:\/\/www.rexaubonne.ch\/index.php?rest_route=\/wp\/v2\/pages\/4528","targetHints":{"allow":["GET"]}}],"collection":[{"href":"https:\/\/www.rexaubonne.ch\/index.php?rest_route=\/wp\/v2\/pages"}],"about":[{"href":"https:\/\/www.rexaubonne.ch\/index.php?rest_route=\/wp\/v2\/types\/page"}],"author":[{"embeddable":true,"href":"https:\/\/www.rexaubonne.ch\/index.php?rest_route=\/wp\/v2\/users\/3"}],"replies":[{"embeddable":true,"href":"https:\/\/www.rexaubonne.ch\/index.php?rest_route=%2Fwp%2Fv2%2Fcomments&post=4528"}],"version-history":[{"count":2,"href":"https:\/\/www.rexaubonne.ch\/index.php?rest_route=\/wp\/v2\/pages\/4528\/revisions"}],"predecessor-version":[{"id":7583,"href":"https:\/\/www.rexaubonne.ch\/index.php?rest_route=\/wp\/v2\/pages\/4528\/revisions\/7583"}],"wp:attachment":[{"href":"https:\/\/www.rexaubonne.ch\/index.php?rest_route=%2Fwp%2Fv2%2Fmedia&parent=4528"}],"curies":[{"name":"wp","href":"https:\/\/api.w.org\/{rel}","templated":true}]}}